{"id":875,"date":"2024-02-06T14:20:26","date_gmt":"2024-02-06T13:20:26","guid":{"rendered":"https:\/\/www.frame21.eu\/community\/"},"modified":"2025-09-04T15:56:03","modified_gmt":"2025-09-04T13:56:03","slug":"communaute","status":"publish","type":"page","link":"https:\/\/www.frame21.eu\/fr\/communaute\/","title":{"rendered":"Communaut\u00e9"},"content":{"rendered":"<div class=\"column\">\n\t<div class=\"rw-boostu-wrapper rw-page-opener\" style=\"background-image: url('https:\/\/www.frame21.eu\/wp-content\/uploads\/2024\/03\/Frame21.Kerst_.Herentals.14122023_332.jpg')\">\n    <div class=\"wpbf-container\">\n        <div class=\"page-opener-text whitetext\">\n            <h5>Frame21<\/h5>\n<h1>Communaut\u00e9<\/h1>\n            <div class=\"page-opener-btns\">\n                                            <\/div>\n        <\/div>\n    <\/div>\n    <\/div>\n    <div class=\"rw-boostu-wrapper rw-breadcrumbs\">\n        <div class=\"wpbf-container\">\n                        <p><a href=\"https:\/\/www.frame21.eu\">Accueil<\/a> \/ <a href=\"https:\/\/www.frame21.eu\/fr\/communaute\/\">Communaut\u00e9<\/a><\/p>\n        <\/div>\n    <\/div>\n<div class=\"rw-whitespace\"><\/div><div class=\"rw-boostu-wrapper rw-image-text\">\n    <div class=\"wpbf-container\">\n        <div class=\"image-text-wrapper\">\n                                <div class=\"image-text-row\">\n                        <div class=\"image-text-text\">\n                            <p>Frame21 n\u2019est pas un simple lieu de travail. C\u2019est une destination qui fait la part belle \u00e0 la r\u00e9ussite et \u00e0 l\u2019inspiration. Vous y trouverez une communaut\u00e9 dynamique o\u00f9 les id\u00e9es fleurissent, les amiti\u00e9s se nouent et la cr\u00e9ativit\u00e9 ne conna\u00eet pas de limites.<\/p>\n<p>Sur les sites Frame21, vous d\u00e9couvrirez bien plus que de simples lieux de travail. Vous y trouverez une communaut\u00e9 dynamique de professionnels issus d\u2019horizons divers, anim\u00e9s par une passion commune pour l\u2019innovation et la croissance. Chez Frame21, l\u2019exp\u00e9rience est centrale et les centres d\u2019affaires sont con\u00e7us pour stimuler la cr\u00e9ativit\u00e9 et la productivit\u00e9. L\u2019objectif ? Cr\u00e9er un environnement qui soit mieux que le bureau \u00e0 domicile et o\u00f9 les entreprises et leurs employ\u00e9s se sentent au top de leur forme.<\/p>\n                                                    <\/div>\n                        <div class=\"image-text-image\">\n                            <img decoding=\"async\" src=\"https:\/\/www.frame21.eu\/wp-content\/uploads\/2024\/03\/Frame21.Kerst_.Herentals.14122023_211.jpg\" alt=\"Frame21.Kerst.Herentals.14122023_211\">\n                        <\/div>\n                    <\/div>\n                        <\/div>\n    <\/div>\n<\/div>\n<div class=\"rw-whitespace\"><\/div><div class=\"rw-whitespace\"><\/div><div class=\"rw-boostu-wrapper rw-video\">\n    <div class=\"wpbf-container\">\n                <div class=\"video-wrapper\">\n            <div style=\"padding:56.25% 0 0 0;position:relative;\"><iframe src=\"https:\/\/player.vimeo.com\/video\/785664721?badge=0&amp;autopause=0&amp;player_id=0&amp;app_id=58479\" frameborder=\"0\" allow=\"autoplay; fullscreen; picture-in-picture; clipboard-write\" style=\"position:absolute;top:0;left:0;width:100%;height:100%;\" title=\"Winterbar2022-diegem-herentals-aftermovie.mp4\"><\/iframe><\/div><script src=\"https:\/\/player.vimeo.com\/api\/player.js\"><\/script>        <\/div>\n            <\/div>\n<\/div>\n<div class=\"rw-whitespace\"><\/div><div class=\"rw-boostu-wrapper rw-cta-banner whitetext\">\n    <div class=\"wpbf-container\">\n        <div class=\"cta-banner-wrapper\">\n            \n            <h2>Nous aimons votre sourire !<\/h2>\n<p>Vous voulez concilier travail et vie priv\u00e9e ? Nous serions ravis de vous aider.<\/p>\n\n            <div class=\"cta-buttons\">\n                \n                                    <a class=\"boostu-btn\" \n                       href=\"https:\/\/www.frame21.eu\/fr\/contact\/\" \n                       >\n                        Contactez-nous                    <\/a>\n                \n                            <\/div>\n\n        <\/div>\n    <\/div>\n<\/div><\/div>","protected":false},"excerpt":{"rendered":"","protected":false},"author":1,"featured_media":0,"parent":0,"menu_order":0,"comment_status":"closed","ping_status":"closed","template":"","meta":{"_acf_changed":false,"_price":"","_stock":"","_tribe_ticket_header":"","_tribe_default_ticket_provider":"","_tribe_ticket_capacity":"0","_ticket_start_date":"","_ticket_end_date":"","_tribe_ticket_show_description":"","_tribe_ticket_show_not_going":false,"_tribe_ticket_use_global_stock":"","_tribe_ticket_global_stock_level":"","_global_stock_mode":"","_global_stock_cap":"","_tribe_rsvp_for_event":"","_tribe_ticket_going_count":"","_tribe_ticket_not_going_count":"","_tribe_tickets_list":"[]","_tribe_ticket_has_attendee_info_fields":false,"footnotes":"","_tec_slr_enabled":"","_tec_slr_layout":""},"class_list":["post-875","page","type-page","status-publish","hentry","wpbf-post"],"acf":[],"yoast_head":"<!-- This site is optimized with the Yoast SEO plugin v27.3 - https:\/\/yoast.com\/product\/yoast-seo-wordpress\/ -->\n<title>D\u00e9couvrez les \u00e9v\u00e9nements de Frame21 - Frame21<\/title>\n<meta name=\"description\" content=\"Il y a toujours quelque chose qui se passe chez Frame21! D\u00e9couvrez ici les futurs \u00e9v\u00e9nements que nous organisons.\" \/>\n<meta name=\"robots\" content=\"index, follow, max-snippet:-1, max-image-preview:large, max-video-preview:-1\" \/>\n<link rel=\"canonical\" href=\"https:\/\/www.frame21.eu\/fr\/communaute\/\" \/>\n<meta property=\"og:locale\" content=\"fr_FR\" \/>\n<meta property=\"og:type\" content=\"article\" \/>\n<meta property=\"og:title\" content=\"D\u00e9couvrez les \u00e9v\u00e9nements de Frame21 - Frame21\" \/>\n<meta property=\"og:description\" content=\"Il y a toujours quelque chose qui se passe chez Frame21! D\u00e9couvrez ici les futurs \u00e9v\u00e9nements que nous organisons.\" \/>\n<meta property=\"og:url\" content=\"https:\/\/www.frame21.eu\/fr\/communaute\/\" \/>\n<meta property=\"og:site_name\" content=\"Frame21\" \/>\n<meta property=\"article:modified_time\" content=\"2025-09-04T13:56:03+00:00\" \/>\n<meta property=\"og:image\" content=\"https:\/\/www.frame21.eu\/wp-content\/uploads\/2024\/02\/DSCF1680.jpg\" \/>\n\t<meta property=\"og:image:width\" content=\"1920\" \/>\n\t<meta property=\"og:image:height\" content=\"1920\" \/>\n\t<meta property=\"og:image:type\" content=\"image\/jpeg\" \/>\n<meta name=\"twitter:card\" content=\"summary_large_image\" \/>\n<script type=\"application\/ld+json\" class=\"yoast-schema-graph\">{\"@context\":\"https:\\\/\\\/schema.org\",\"@graph\":[{\"@type\":\"WebPage\",\"@id\":\"https:\\\/\\\/www.frame21.eu\\\/fr\\\/communaute\\\/\",\"url\":\"https:\\\/\\\/www.frame21.eu\\\/fr\\\/communaute\\\/\",\"name\":\"D\u00e9couvrez les \u00e9v\u00e9nements de Frame21 - Frame21\",\"isPartOf\":{\"@id\":\"https:\\\/\\\/www.frame21.eu\\\/#website\"},\"datePublished\":\"2024-02-06T13:20:26+00:00\",\"dateModified\":\"2025-09-04T13:56:03+00:00\",\"description\":\"Il y a toujours quelque chose qui se passe chez Frame21! D\u00e9couvrez ici les futurs \u00e9v\u00e9nements que nous organisons.\",\"breadcrumb\":{\"@id\":\"https:\\\/\\\/www.frame21.eu\\\/fr\\\/communaute\\\/#breadcrumb\"},\"inLanguage\":\"fr-FR\",\"potentialAction\":[{\"@type\":\"ReadAction\",\"target\":[\"https:\\\/\\\/www.frame21.eu\\\/fr\\\/communaute\\\/\"]}]},{\"@type\":\"BreadcrumbList\",\"@id\":\"https:\\\/\\\/www.frame21.eu\\\/fr\\\/communaute\\\/#breadcrumb\",\"itemListElement\":[{\"@type\":\"ListItem\",\"position\":1,\"name\":\"Home\",\"item\":\"https:\\\/\\\/www.frame21.eu\\\/fr\\\/\"},{\"@type\":\"ListItem\",\"position\":2,\"name\":\"Communaut\u00e9\"}]},{\"@type\":\"WebSite\",\"@id\":\"https:\\\/\\\/www.frame21.eu\\\/#website\",\"url\":\"https:\\\/\\\/www.frame21.eu\\\/\",\"name\":\"Frame21\",\"description\":\"Space that works for you\",\"publisher\":{\"@id\":\"https:\\\/\\\/www.frame21.eu\\\/#organization\"},\"potentialAction\":[{\"@type\":\"SearchAction\",\"target\":{\"@type\":\"EntryPoint\",\"urlTemplate\":\"https:\\\/\\\/www.frame21.eu\\\/?s={search_term_string}\"},\"query-input\":{\"@type\":\"PropertyValueSpecification\",\"valueRequired\":true,\"valueName\":\"search_term_string\"}}],\"inLanguage\":\"fr-FR\"},{\"@type\":\"Organization\",\"@id\":\"https:\\\/\\\/www.frame21.eu\\\/#organization\",\"name\":\"Frame21\",\"url\":\"https:\\\/\\\/www.frame21.eu\\\/\",\"logo\":{\"@type\":\"ImageObject\",\"inLanguage\":\"fr-FR\",\"@id\":\"https:\\\/\\\/www.frame21.eu\\\/#\\\/schema\\\/logo\\\/image\\\/\",\"url\":\"https:\\\/\\\/www.frame21.eu\\\/wp-content\\\/uploads\\\/2024\\\/02\\\/logo-frame21.svg\",\"contentUrl\":\"https:\\\/\\\/www.frame21.eu\\\/wp-content\\\/uploads\\\/2024\\\/02\\\/logo-frame21.svg\",\"width\":1,\"height\":1,\"caption\":\"Frame21\"},\"image\":{\"@id\":\"https:\\\/\\\/www.frame21.eu\\\/#\\\/schema\\\/logo\\\/image\\\/\"}}]}<\/script>\n<!-- \/ Yoast SEO plugin. -->","yoast_head_json":{"title":"D\u00e9couvrez les \u00e9v\u00e9nements de Frame21 - Frame21","description":"Il y a toujours quelque chose qui se passe chez Frame21! D\u00e9couvrez ici les futurs \u00e9v\u00e9nements que nous organisons.","robots":{"index":"index","follow":"follow","max-snippet":"max-snippet:-1","max-image-preview":"max-image-preview:large","max-video-preview":"max-video-preview:-1"},"canonical":"https:\/\/www.frame21.eu\/fr\/communaute\/","og_locale":"fr_FR","og_type":"article","og_title":"D\u00e9couvrez les \u00e9v\u00e9nements de Frame21 - Frame21","og_description":"Il y a toujours quelque chose qui se passe chez Frame21! D\u00e9couvrez ici les futurs \u00e9v\u00e9nements que nous organisons.","og_url":"https:\/\/www.frame21.eu\/fr\/communaute\/","og_site_name":"Frame21","article_modified_time":"2025-09-04T13:56:03+00:00","og_image":[{"width":1920,"height":1920,"url":"https:\/\/www.frame21.eu\/wp-content\/uploads\/2024\/02\/DSCF1680.jpg","type":"image\/jpeg"}],"twitter_card":"summary_large_image","schema":{"@context":"https:\/\/schema.org","@graph":[{"@type":"WebPage","@id":"https:\/\/www.frame21.eu\/fr\/communaute\/","url":"https:\/\/www.frame21.eu\/fr\/communaute\/","name":"D\u00e9couvrez les \u00e9v\u00e9nements de Frame21 - Frame21","isPartOf":{"@id":"https:\/\/www.frame21.eu\/#website"},"datePublished":"2024-02-06T13:20:26+00:00","dateModified":"2025-09-04T13:56:03+00:00","description":"Il y a toujours quelque chose qui se passe chez Frame21! D\u00e9couvrez ici les futurs \u00e9v\u00e9nements que nous organisons.","breadcrumb":{"@id":"https:\/\/www.frame21.eu\/fr\/communaute\/#breadcrumb"},"inLanguage":"fr-FR","potentialAction":[{"@type":"ReadAction","target":["https:\/\/www.frame21.eu\/fr\/communaute\/"]}]},{"@type":"BreadcrumbList","@id":"https:\/\/www.frame21.eu\/fr\/communaute\/#breadcrumb","itemListElement":[{"@type":"ListItem","position":1,"name":"Home","item":"https:\/\/www.frame21.eu\/fr\/"},{"@type":"ListItem","position":2,"name":"Communaut\u00e9"}]},{"@type":"WebSite","@id":"https:\/\/www.frame21.eu\/#website","url":"https:\/\/www.frame21.eu\/","name":"Frame21","description":"Space that works for you","publisher":{"@id":"https:\/\/www.frame21.eu\/#organization"},"potentialAction":[{"@type":"SearchAction","target":{"@type":"EntryPoint","urlTemplate":"https:\/\/www.frame21.eu\/?s={search_term_string}"},"query-input":{"@type":"PropertyValueSpecification","valueRequired":true,"valueName":"search_term_string"}}],"inLanguage":"fr-FR"},{"@type":"Organization","@id":"https:\/\/www.frame21.eu\/#organization","name":"Frame21","url":"https:\/\/www.frame21.eu\/","logo":{"@type":"ImageObject","inLanguage":"fr-FR","@id":"https:\/\/www.frame21.eu\/#\/schema\/logo\/image\/","url":"https:\/\/www.frame21.eu\/wp-content\/uploads\/2024\/02\/logo-frame21.svg","contentUrl":"https:\/\/www.frame21.eu\/wp-content\/uploads\/2024\/02\/logo-frame21.svg","width":1,"height":1,"caption":"Frame21"},"image":{"@id":"https:\/\/www.frame21.eu\/#\/schema\/logo\/image\/"}}]}},"ticketed":false,"_links":{"self":[{"href":"https:\/\/www.frame21.eu\/fr\/wp-json\/wp\/v2\/pages\/875","targetHints":{"allow":["GET"]}}],"collection":[{"href":"https:\/\/www.frame21.eu\/fr\/wp-json\/wp\/v2\/pages"}],"about":[{"href":"https:\/\/www.frame21.eu\/fr\/wp-json\/wp\/v2\/types\/page"}],"author":[{"embeddable":true,"href":"https:\/\/www.frame21.eu\/fr\/wp-json\/wp\/v2\/users\/1"}],"replies":[{"embeddable":true,"href":"https:\/\/www.frame21.eu\/fr\/wp-json\/wp\/v2\/comments?post=875"}],"version-history":[{"count":5,"href":"https:\/\/www.frame21.eu\/fr\/wp-json\/wp\/v2\/pages\/875\/revisions"}],"predecessor-version":[{"id":2161,"href":"https:\/\/www.frame21.eu\/fr\/wp-json\/wp\/v2\/pages\/875\/revisions\/2161"}],"wp:attachment":[{"href":"https:\/\/www.frame21.eu\/fr\/wp-json\/wp\/v2\/media?parent=875"}],"curies":[{"name":"wp","href":"https:\/\/api.w.org\/{rel}","templated":true}]}}